{"id":349,"date":"2021-05-26T16:24:12","date_gmt":"2021-05-26T14:24:12","guid":{"rendered":"https:\/\/www.konradoberhofer.com\/cookie-policy\/"},"modified":"2021-06-16T14:46:13","modified_gmt":"2021-06-16T12:46:13","slug":"cookie-policy","status":"publish","type":"page","link":"https:\/\/www.konradoberhofer.com\/de\/cookie-policy\/","title":{"rendered":"Cookie Policy"},"content":{"rendered":"<p>Damit diese Webseite ordnungsgem\u00e4\u00df funktioniert, werden manchmal kleine Datens\u00e4tze, genannt \u201eCookies\u201c, auf Ihrem Endger\u00e4t gespeichert.<\/p>\n<p>&nbsp;<\/p>\n<h2>Was sind Cookies?<\/h2>\n<p>Ein Cookie ist eine kleine Textdatei, die eine Website auf Ihrem Computer oder Mobilger\u00e4t speichert, wenn Sie die Website besuchen. So wird der Website erm\u00f6glicht, sich Ihre Aktionen und Pr\u00e4ferenzen (wie z. B. Login, Sprache, Schriftgr\u00f6\u00dfe und andere Anzeigepr\u00e4ferenzen) \u00fcber einen bestimmten Zeitraum zu merken, so dass Sie diese nicht immer wieder neu eingeben m\u00fcssen, wenn Sie die Website erneut besuchen oder von einer Seite zur anderen wechseln.<\/p>\n<p>&nbsp;<\/p>\n<h2>Wie verwenden wir Cookies?<\/h2>\n<p><strong>Technical cookies<\/strong><\/p>\n<p>Host domain \/1.-3. Teil<br \/>\nDiese Website \/ 1. Teil<br \/>\nCookie Bezeichnung \/ Ablaufdatum<br \/>\n_icl_current_language \/ 24 Stunden<br \/>\n_cookie_privacy_accepted \/ 1 Jahr<\/p>\n<p>Verwendungszweck: Wir verwenden diese technischen Cookies, um die Navigationseinstellungen des Benutzers auf der Website zu speichern, wie z.B. die gew\u00e4hlte Sprache der Navigation und die Zustimmung desselben zur Verwendung von analytischen Cookies. Es werden keine sensiblen Informationen gespeichert.<\/p>\n<p>&nbsp;<\/p>\n<p><strong>Google Analytics<\/strong><\/p>\n<p>Host domain \/1.-3. Teil<br \/>\nDiese Website, youtube.com \/ 1. Teil + 3. Teil<br \/>\nCookie Bezeichnung \/ Ablaufdatum<br \/>\n__utma \/ 2 Jahre<br \/>\n__utmb \/ 30 Minuten<br \/>\n__utmc \/ Ende der Session<br \/>\n__utmz \/ 6 Jahre<br \/>\n__utmv \/ 2 Jahre<br \/>\n_ga \/ 2 Jahre<br \/>\n_gat \/ 10 Minuten<\/p>\n<p>Verwendungszweck: Google Analytics-Cookies werden verwendet, um den Verkehr auf unserer Website zu messen. Es werden keine sensiblen Informationen gespeichert. F\u00fcr weitere Informationen lesen Sie bitte: :\u200b \u200b<a href=\"https:\/\/policies.google.com\/privacy?hl=en-EN\">Google Privacy Policy\u200b<\/a>,\u200b \u200b<a href=\"https:\/\/marketingplatform.google.com\/about\/analytics\/terms\/us\/\">Analytics Policy<\/a><u>, <\/u>Beschreibung der <a href=\"https:\/\/developers.google.com\/analytics\/devguides\/collection\/analyticsjs\/cookie-usage?hl=en&amp;csw=1%23HowGAUsesCookies\">Google Analytics Cookies<\/a> durch Google.<\/p>\n<p>&nbsp;<\/p>\n<p><strong>Youtube Video<\/strong><\/p>\n<p>Host domain \/1.-3. Teil<br \/>\nyoutube.com \/ 3. Teil<br \/>\nCookie Bezeichnung \/ Ablaufdatum<br \/>\nAPISID, CheckConnectionTempCookie576, HSID, Login_INFO, PREF, SAPISID, SID, SSID, VISITOR_ INFO1_LIVE, YSC, Demographics, recently_watched _video_id_list, use_hitbox, GED_PLAYLIST_ACTIVITY, mfl. \/ Das Ablaufdatum variiert zwischen dem Ende der Sitzung oder bis zu 2 Jahren danach.<\/p>\n<p>Verwendungszweck: Diese Cookies werden \u00fcber eingebettete youtube-Videos gesetzt. Sie registrieren anonyme statistische Daten dar\u00fcber, wie oft das Video z.B. angezeigt wird und welche Einstellungen f\u00fcr die Wiedergabe verwendet werden. Es werden keine sensiblen Daten gesammelt, es sei denn, Sie sind in Ihrem Google-Konto eingeloggt. In diesem Fall werden Ihre Entscheidungen mit Ihrem Konto verkn\u00fcpft, z.B. wenn Sie auf &#8222;Gef\u00e4llt mir&#8220; bei einem Video klicken. Weitere Informationen finden Sie in der allgemeinen \u200b<a href=\"https:\/\/policies.google.com\/privacy?hl=en-EN\">Google Privacy Policy\u200b<\/a>.<\/p>\n<p>&nbsp;<\/p>\n<p><strong>Vimeo Video<\/strong><\/p>\n<p>Host domain \/ 1.-3. Teil<br \/>\nplayer.vimeo.com, f.vimeocdn.com \/ 3. Teil<br \/>\nCookie Bezeichnung \/ Ablaufdatum<br \/>\nUID, UIDR, __gads, __utma, __utmb, __utmc, __utmt_player, __utmv, __utmz, aka_debug, clips, player, vuid. \/ Das Ablaufdatum variiert zwischen dem Ende der Sitzung oder bis zu 2 Jahren danach.<\/p>\n<p>Verwendungszweck: Diese Cookies werden \u00fcber eingebettete Vimeo-Videos gesetzt. Sie registrieren anonyme statistische Daten dar\u00fcber, wie oft das Video beispielsweise angezeigt wird und welche Einstellungen f\u00fcr die Wiedergabe verwendet werden. Es werden keine sensiblen Daten gesammelt, es sei denn, Sie loggen sich in Ihr Vimeo-Konto ein. In diesem Fall werden Ihre Entscheidungen mit Ihrem Konto verkn\u00fcpft, z. B. wenn Sie auf &#8222;Gef\u00e4llt mir&#8220; bei einem Video klicken. F\u00fcr weitere Informationen, lesen Sie bitte: \u200b<a href=\"https:\/\/vimeo.com\/privacy\">Vimeo Privacy Policy<\/a>\u200b,\u200b \u200b<a href=\"https:\/\/vimeo.com\/cookie_policy\">Vimeo Cookie Policy\u200b<\/a>.<\/p>\n<p>&nbsp;<\/p>\n<h2>Wie kann man Cookies kontrollieren?<\/h2>\n<p>Sie k\u00f6nnen Cookies nach Belieben kontrollieren und\/oder l\u00f6schen &#8211; Details dazu finden Sie unter \u200b \u200b<a href=\"https:\/\/aboutcookies.org\/\">aboutcookies.org<\/a>. Sie k\u00f6nnen alle Cookies l\u00f6schen, die sich bereits auf Ihrem Computer befinden, und Sie k\u00f6nnen die meisten Browser so einstellen, dass sie das Setzen von Cookies verhindern. Wenn Sie dies tun, m\u00fcssen Sie jedoch m\u00f6glicherweise einige Einstellungen bei jedem Besuch einer Website manuell anpassen und einige Dienste und Funktionalit\u00e4ten funktionieren m\u00f6glicherweise nicht.<\/p>\n","protected":false},"excerpt":{"rendered":"<p>Damit diese Webseite ordnungsgem\u00e4\u00df funktioniert, werden manchmal kleine Datens\u00e4tze, genannt \u201eCookies\u201c, auf Ihrem Endger\u00e4t gespeichert. &nbsp; Was sind Cookies? Ein Cookie ist eine kleine Textdatei, die eine Website auf Ihrem Computer oder Mobilger\u00e4t speichert, wenn Sie die Website besuchen. So wird der Website erm\u00f6glicht, sich Ihre Aktionen und Pr\u00e4ferenzen (wie z. B. Login, Sprache, Schriftgr\u00f6\u00dfe &hellip; <a href=\"https:\/\/www.konradoberhofer.com\/de\/cookie-policy\/\">Continued<\/a><\/p>\n","protected":false},"author":1,"featured_media":0,"parent":0,"menu_order":18,"comment_status":"closed","ping_status":"closed","template":"","meta":{"_acf_changed":false,"footnotes":""},"class_list":["post-349","page","type-page","status-publish","hentry"],"acf":[],"yoast_head":"<!-- This site is optimized with the Yoast SEO plugin v26.9 - https:\/\/yoast.com\/product\/yoast-seo-wordpress\/ -->\n<title>Cookie Policy - Konrad Oberhofer<\/title>\n<meta name=\"robots\" content=\"index, follow, max-snippet:-1, max-image-preview:large, max-video-preview:-1\" \/>\n<link rel=\"canonical\" href=\"https:\/\/www.konradoberhofer.com\/de\/cookie-policy\/\" \/>\n<meta property=\"og:locale\" content=\"de_DE\" \/>\n<meta property=\"og:type\" content=\"article\" \/>\n<meta property=\"og:title\" content=\"Cookie Policy - Konrad Oberhofer\" \/>\n<meta property=\"og:description\" content=\"Damit diese Webseite ordnungsgem\u00e4\u00df funktioniert, werden manchmal kleine Datens\u00e4tze, genannt \u201eCookies\u201c, auf Ihrem Endger\u00e4t gespeichert. &nbsp; Was sind Cookies? Ein Cookie ist eine kleine Textdatei, die eine Website auf Ihrem Computer oder Mobilger\u00e4t speichert, wenn Sie die Website besuchen. So wird der Website erm\u00f6glicht, sich Ihre Aktionen und Pr\u00e4ferenzen (wie z. B. Login, Sprache, Schriftgr\u00f6\u00dfe &hellip; Continued\" \/>\n<meta property=\"og:url\" content=\"https:\/\/www.konradoberhofer.com\/de\/cookie-policy\/\" \/>\n<meta property=\"og:site_name\" content=\"Konrad Oberhofer\" \/>\n<meta property=\"article:modified_time\" content=\"2021-06-16T12:46:13+00:00\" \/>\n<meta name=\"twitter:card\" content=\"summary_large_image\" \/>\n<meta name=\"twitter:label1\" content=\"Gesch\u00e4tzte Lesezeit\" \/>\n\t<meta name=\"twitter:data1\" content=\"3\u00a0Minuten\" \/>\n<script type=\"application\/ld+json\" class=\"yoast-schema-graph\">{\"@context\":\"https:\/\/schema.org\",\"@graph\":[{\"@type\":\"WebPage\",\"@id\":\"https:\/\/www.konradoberhofer.com\/de\/cookie-policy\/\",\"url\":\"https:\/\/www.konradoberhofer.com\/de\/cookie-policy\/\",\"name\":\"Cookie Policy - Konrad Oberhofer\",\"isPartOf\":{\"@id\":\"https:\/\/www.konradoberhofer.com\/de\/#website\"},\"datePublished\":\"2021-05-26T14:24:12+00:00\",\"dateModified\":\"2021-06-16T12:46:13+00:00\",\"inLanguage\":\"de\",\"potentialAction\":[{\"@type\":\"ReadAction\",\"target\":[\"https:\/\/www.konradoberhofer.com\/de\/cookie-policy\/\"]}]},{\"@type\":\"WebSite\",\"@id\":\"https:\/\/www.konradoberhofer.com\/de\/#website\",\"url\":\"https:\/\/www.konradoberhofer.com\/de\/\",\"name\":\"Konrad Oberhofer\",\"description\":\"\",\"publisher\":{\"@id\":\"https:\/\/www.konradoberhofer.com\/de\/#organization\"},\"potentialAction\":[{\"@type\":\"SearchAction\",\"target\":{\"@type\":\"EntryPoint\",\"urlTemplate\":\"https:\/\/www.konradoberhofer.com\/de\/?s={search_term_string}\"},\"query-input\":{\"@type\":\"PropertyValueSpecification\",\"valueRequired\":true,\"valueName\":\"search_term_string\"}}],\"inLanguage\":\"de\"},{\"@type\":\"Organization\",\"@id\":\"https:\/\/www.konradoberhofer.com\/de\/#organization\",\"name\":\"Konrad Oberhofer\",\"url\":\"https:\/\/www.konradoberhofer.com\/de\/\",\"logo\":{\"@type\":\"ImageObject\",\"inLanguage\":\"de\",\"@id\":\"https:\/\/www.konradoberhofer.com\/de\/#\/schema\/logo\/image\/\",\"url\":\"https:\/\/www.konradoberhofer.com\/wp-content\/uploads\/2021\/05\/home-section-1.png\",\"contentUrl\":\"https:\/\/www.konradoberhofer.com\/wp-content\/uploads\/2021\/05\/home-section-1.png\",\"width\":1920,\"height\":1000,\"caption\":\"Konrad Oberhofer\"},\"image\":{\"@id\":\"https:\/\/www.konradoberhofer.com\/de\/#\/schema\/logo\/image\/\"}}]}<\/script>\n<!-- \/ Yoast SEO plugin. -->","yoast_head_json":{"title":"Cookie Policy - Konrad Oberhofer","robots":{"index":"index","follow":"follow","max-snippet":"max-snippet:-1","max-image-preview":"max-image-preview:large","max-video-preview":"max-video-preview:-1"},"canonical":"https:\/\/www.konradoberhofer.com\/de\/cookie-policy\/","og_locale":"de_DE","og_type":"article","og_title":"Cookie Policy - Konrad Oberhofer","og_description":"Damit diese Webseite ordnungsgem\u00e4\u00df funktioniert, werden manchmal kleine Datens\u00e4tze, genannt \u201eCookies\u201c, auf Ihrem Endger\u00e4t gespeichert. &nbsp; Was sind Cookies? Ein Cookie ist eine kleine Textdatei, die eine Website auf Ihrem Computer oder Mobilger\u00e4t speichert, wenn Sie die Website besuchen. So wird der Website erm\u00f6glicht, sich Ihre Aktionen und Pr\u00e4ferenzen (wie z. B. Login, Sprache, Schriftgr\u00f6\u00dfe &hellip; Continued","og_url":"https:\/\/www.konradoberhofer.com\/de\/cookie-policy\/","og_site_name":"Konrad Oberhofer","article_modified_time":"2021-06-16T12:46:13+00:00","twitter_card":"summary_large_image","twitter_misc":{"Gesch\u00e4tzte Lesezeit":"3\u00a0Minuten"},"schema":{"@context":"https:\/\/schema.org","@graph":[{"@type":"WebPage","@id":"https:\/\/www.konradoberhofer.com\/de\/cookie-policy\/","url":"https:\/\/www.konradoberhofer.com\/de\/cookie-policy\/","name":"Cookie Policy - Konrad Oberhofer","isPartOf":{"@id":"https:\/\/www.konradoberhofer.com\/de\/#website"},"datePublished":"2021-05-26T14:24:12+00:00","dateModified":"2021-06-16T12:46:13+00:00","inLanguage":"de","potentialAction":[{"@type":"ReadAction","target":["https:\/\/www.konradoberhofer.com\/de\/cookie-policy\/"]}]},{"@type":"WebSite","@id":"https:\/\/www.konradoberhofer.com\/de\/#website","url":"https:\/\/www.konradoberhofer.com\/de\/","name":"Konrad Oberhofer","description":"","publisher":{"@id":"https:\/\/www.konradoberhofer.com\/de\/#organization"},"potentialAction":[{"@type":"SearchAction","target":{"@type":"EntryPoint","urlTemplate":"https:\/\/www.konradoberhofer.com\/de\/?s={search_term_string}"},"query-input":{"@type":"PropertyValueSpecification","valueRequired":true,"valueName":"search_term_string"}}],"inLanguage":"de"},{"@type":"Organization","@id":"https:\/\/www.konradoberhofer.com\/de\/#organization","name":"Konrad Oberhofer","url":"https:\/\/www.konradoberhofer.com\/de\/","logo":{"@type":"ImageObject","inLanguage":"de","@id":"https:\/\/www.konradoberhofer.com\/de\/#\/schema\/logo\/image\/","url":"https:\/\/www.konradoberhofer.com\/wp-content\/uploads\/2021\/05\/home-section-1.png","contentUrl":"https:\/\/www.konradoberhofer.com\/wp-content\/uploads\/2021\/05\/home-section-1.png","width":1920,"height":1000,"caption":"Konrad Oberhofer"},"image":{"@id":"https:\/\/www.konradoberhofer.com\/de\/#\/schema\/logo\/image\/"}}]}},"_links":{"self":[{"href":"https:\/\/www.konradoberhofer.com\/de\/wp-json\/wp\/v2\/pages\/349","targetHints":{"allow":["GET"]}}],"collection":[{"href":"https:\/\/www.konradoberhofer.com\/de\/wp-json\/wp\/v2\/pages"}],"about":[{"href":"https:\/\/www.konradoberhofer.com\/de\/wp-json\/wp\/v2\/types\/page"}],"author":[{"embeddable":true,"href":"https:\/\/www.konradoberhofer.com\/de\/wp-json\/wp\/v2\/users\/1"}],"replies":[{"embeddable":true,"href":"https:\/\/www.konradoberhofer.com\/de\/wp-json\/wp\/v2\/comments?post=349"}],"version-history":[{"count":2,"href":"https:\/\/www.konradoberhofer.com\/de\/wp-json\/wp\/v2\/pages\/349\/revisions"}],"predecessor-version":[{"id":351,"href":"https:\/\/www.konradoberhofer.com\/de\/wp-json\/wp\/v2\/pages\/349\/revisions\/351"}],"wp:attachment":[{"href":"https:\/\/www.konradoberhofer.com\/de\/wp-json\/wp\/v2\/media?parent=349"}],"curies":[{"name":"wp","href":"https:\/\/api.w.org\/{rel}","templated":true}]}}